{"id":39,"date":"2020-07-08T21:31:17","date_gmt":"2020-07-08T21:31:17","guid":{"rendered":"http:\/\/g-g-c.de\/?page_id=39"},"modified":"2020-07-13T16:31:15","modified_gmt":"2020-07-13T16:31:15","slug":"test-zwei-spalten","status":"publish","type":"page","link":"https:\/\/g-g-c.de\/?page_id=39","title":{"rendered":"Join Us"},"content":{"rendered":"\r\n<p>Urspr\u00fcnglich war der Club ist ein Projekt des German Gamers Club e.V.. Der Verein hat sich mittlerweile aufgel\u00f6st. Der Club selbst existiert noch.<\/p>\r\n<p>Das Angebot ist gratis und unverbindlich. Mit der Anmeldung zum Club geht man nur die Verpflichtung ein, sich entsprechend der Netiquette im Club und auch anderen Spielern au\u00dferhalb des Clubs zu verhalten.<\/p>\r\n<p>Wir sind kein anonymer Haufen mit hoher Fluktuation, sondern eine echte Gemeinschaft. Dabei ist ein wesentlicher Punkt die Einhaltung der Netiquette. Die Netiquette besagt, das jedes Clubmitglied freundlich und fair Auftritt, innerhalb wie au\u00dferhalb des Clubs.<\/p>\r\n<p>Im Club werden freundschaftliche Umgangsformen erwartet. Beschimpfungen, Beleidigungen oder Cheaten werden nicht geduldet und f\u00fchren zum sofortigen Ausschluss. Wir erwarten von den Mitgliedern des Clubs dass sie sich dieser Verantwortung bewusst sind. Wir sind <strong>&#8222;DIE GUTEN&#8220;<\/strong>.<\/p>\r\n<p>Jedes Mitglied bestimmt durch sein Verhalten den Ruf des Clubs bei Au\u00dfenstehenden. Das Management des Clubs tr\u00e4gt die Verantwortung f\u00fcr den Club und seine Mitglieder.<\/p>\r\n<p>Au\u00dferdem erwarten wir uns einen gewissen Schutz vor Unruhestiftern.<\/p>\r\n<p>So soll eine Atmosph\u00e4re entstehen, die es stressfrei erm\u00f6glicht in einer Gemeinschaft am PC zu spielen und so Erholung und Entspannung vom Alltag bietet.<\/p>\r\n<p>Darum verlangen wir bei der Anmeldung f\u00fcr den Club die Angabe der pers\u00f6nlichen Daten. Die Daten werden streng vertraulich behandelt, wir wissen um die Verantwortung daraus. Wer deswegen Bedenken hat, kann gerne mit uns und unseren Mitgliedern reden.<\/p>\r\n<div class=\"wpcf7 no-js\" id=\"wpcf7-f140-o1\" lang=\"de-DE\" dir=\"ltr\">\n<div class=\"screen-reader-response\"><p role=\"status\" aria-live=\"polite\" aria-atomic=\"true\"><\/p> <ul><\/ul><\/div>\n<form action=\"\/index.php?rest_route=%2Fwp%2Fv2%2Fpages%2F39#wpcf7-f140-o1\" method=\"post\" class=\"wpcf7-form init\" aria-label=\"Kontaktformular\" novalidate=\"novalidate\" data-status=\"init\">\n<div style=\"display: none;\">\n<input type=\"hidden\" name=\"_wpcf7\" value=\"140\" \/>\n<input type=\"hidden\" name=\"_wpcf7_version\" value=\"5.7.2\" \/>\n<input type=\"hidden\" name=\"_wpcf7_locale\" value=\"de_DE\" \/>\n<input type=\"hidden\" name=\"_wpcf7_unit_tag\" value=\"wpcf7-f140-o1\" \/>\n<input type=\"hidden\" name=\"_wpcf7_container_post\" value=\"0\" \/>\n<input type=\"hidden\" name=\"_wpcf7_posted_data_hash\" value=\"\" \/>\n<\/div>\n<p>Spielername\/Nickname f\u00fcr Spiele *\n<\/p>\n<p><span class=\"wpcf7-form-control-wrap\" data-name=\"Spielername\"><input size=\"42\" class=\"wpcf7-form-control wpcf7-text wpcf7-validates-as-required\" aria-required=\"true\" aria-invalid=\"false\" value=\"\" type=\"text\" name=\"Spielername\" \/><\/span>\n<\/p>\n<p>Familienname *\n<\/p>\n<p><span class=\"wpcf7-form-control-wrap\" data-name=\"Name\"><input size=\"42\" class=\"wpcf7-form-control wpcf7-text wpcf7-validates-as-required\" aria-required=\"true\" aria-invalid=\"false\" value=\"\" type=\"text\" name=\"Name\" \/><\/span>\n<\/p>\n<p>Vorname *\n<\/p>\n<p><span class=\"wpcf7-form-control-wrap\" data-name=\"Vorname\"><input size=\"42\" class=\"wpcf7-form-control wpcf7-text wpcf7-validates-as-required\" aria-required=\"true\" aria-invalid=\"false\" value=\"\" type=\"text\" name=\"Vorname\" \/><\/span>\n<\/p>\n<p>Geschlecht * \/ Geburtsdatum *\n<\/p>\n<p><span class=\"wpcf7-form-control-wrap\" data-name=\"Geschlecht\"><select class=\"wpcf7-form-control wpcf7-select wpcf7-validates-as-required\" aria-required=\"true\" aria-invalid=\"false\" name=\"Geschlecht\"><option value=\"weiblich\">weiblich<\/option><option value=\"m\u00e4nnlich\">m\u00e4nnlich<\/option><\/select><\/span> \/ <span class=\"wpcf7-form-control-wrap\" data-name=\"Geburtsdatum\"><input class=\"wpcf7-form-control wpcf7-date wpcf7-validates-as-required wpcf7-validates-as-date\" aria-required=\"true\" aria-invalid=\"false\" value=\"\" type=\"date\" name=\"Geburtsdatum\" \/><\/span>\n<\/p>\n<p>eMail Adresse *\n<\/p>\n<p><span class=\"wpcf7-form-control-wrap\" data-name=\"E-Mail\"><input size=\"42\" class=\"wpcf7-form-control wpcf7-text wpcf7-email wpcf7-validates-as-required wpcf7-validates-as-email\" aria-required=\"true\" aria-invalid=\"false\" value=\"\" type=\"email\" name=\"E-Mail\" \/><\/span>\n<\/p>\n<p>Stra\u00dfe und Hausnummer *\n<\/p>\n<p><span class=\"wpcf7-form-control-wrap\" data-name=\"Strasse\"><input size=\"42\" class=\"wpcf7-form-control wpcf7-text wpcf7-validates-as-required\" aria-required=\"true\" aria-invalid=\"false\" value=\"\" type=\"text\" name=\"Strasse\" \/><\/span>\n<\/p>\n<p>PLZ und Stadt *\n<\/p>\n<p><span class=\"wpcf7-form-control-wrap\" data-name=\"Wohnort\"><input size=\"42\" class=\"wpcf7-form-control wpcf7-text wpcf7-validates-as-required\" aria-required=\"true\" aria-invalid=\"false\" value=\"\" type=\"text\" name=\"Wohnort\" \/><\/span>\n<\/p>\n<p>LAND *\n<\/p>\n<p><span class=\"wpcf7-form-control-wrap\" data-name=\"LAND\"><input size=\"42\" class=\"wpcf7-form-control wpcf7-text wpcf7-validates-as-required\" aria-required=\"true\" aria-invalid=\"false\" value=\"\" type=\"text\" name=\"LAND\" \/><\/span>\n<\/p>\n<p>Spiele die Du im Club spielen willst *\n<\/p>\n<p><span class=\"wpcf7-form-control-wrap\" data-name=\"Spiele\"><input size=\"42\" class=\"wpcf7-form-control wpcf7-text wpcf7-validates-as-required\" aria-required=\"true\" aria-invalid=\"false\" value=\"\" type=\"text\" name=\"Spiele\" \/><\/span>\n<\/p>\n<p>geworben von\n<\/p>\n<p><span class=\"wpcf7-form-control-wrap\" data-name=\"Werbung\"><input size=\"42\" class=\"wpcf7-form-control wpcf7-text\" aria-invalid=\"false\" value=\"\" type=\"text\" name=\"Werbung\" \/><\/span>\n<\/p>\n<p>Deine Nachricht an uns\n<\/p>\n<p><span class=\"wpcf7-form-control-wrap\" data-name=\"your-message\"><textarea cols=\"40\" rows=\"10\" class=\"wpcf7-form-control wpcf7-textarea\" aria-invalid=\"false\" name=\"your-message\"><\/textarea><\/span>\n<\/p>\n<p>L\u00f6se die Aufgabe*\n<\/p>\n<p><span class=\"wpcf7-form-control-wrap\" data-name=\"Joinus\"><label><span class=\"wpcf7-quiz-label\">6+6=?<\/span> <input size=\"40\" class=\"wpcf7-form-control wpcf7-quiz\" autocomplete=\"off\" aria-required=\"true\" aria-invalid=\"false\" type=\"text\" name=\"Joinus\" \/><\/label><input type=\"hidden\" name=\"_wpcf7_quiz_answer_Joinus\" value=\"0aeab11ae8eb1ed1a827aaeacdce5822\" \/><\/span>\n<\/p>\n<p>Mit * kennzeichnete Felder sind Pflichtfelder.\n<\/p>\n<p><input class=\"wpcf7-form-control has-spinner wpcf7-submit\" type=\"submit\" value=\"Senden\" \/>\n<\/p><div class=\"wpcf7-response-output\" aria-hidden=\"true\"><\/div><\/form><\/div>\r\n<p>Falsch oder unvollst\u00e4ndig ausgef\u00fcllte Anmeldungen werden ohne weitere Kommentare gel\u00f6scht.<\/p>\r\n<p>Was geschieht nach dem Abschicken des ausgef\u00fcllten Join Us?<\/p>\r\n<p>Wenn das Join Us bei uns angekommen ist werden die Daten archiviert.<\/p>\r\n<p>Dann hei\u00dft es viel Spa\u00df im Club.<\/p>\r\n","protected":false},"excerpt":{"rendered":"<p>Urspr\u00fcnglich war der Club ist ein Projekt des German Gamers Club e.V.. Der Verein hat sich mittlerweile aufgel\u00f6st. Der Club selbst existiert noch. Das Angebot ist gratis und unverbindlich. Mit der Anmeldung zum Club geht man nur die Verpflichtung ein, sich entsprechend der Netiquette im Club und auch anderen Spielern&#8230; <a class=\"continue-reading-link\" href=\"https:\/\/g-g-c.de\/?page_id=39\">mehr <span class=\"meta-nav\">&rarr; <\/span><\/a><\/p>\n","protected":false},"author":2,"featured_media":0,"parent":0,"menu_order":0,"comment_status":"closed","ping_status":"closed","template":"","meta":[],"_links":{"self":[{"href":"https:\/\/g-g-c.de\/index.php?rest_route=\/wp\/v2\/pages\/39"}],"collection":[{"href":"https:\/\/g-g-c.de\/index.php?rest_route=\/wp\/v2\/pages"}],"about":[{"href":"https:\/\/g-g-c.de\/index.php?rest_route=\/wp\/v2\/types\/page"}],"author":[{"embeddable":true,"href":"https:\/\/g-g-c.de\/index.php?rest_route=\/wp\/v2\/users\/2"}],"replies":[{"embeddable":true,"href":"https:\/\/g-g-c.de\/index.php?rest_route=%2Fwp%2Fv2%2Fcomments&post=39"}],"version-history":[{"count":11,"href":"https:\/\/g-g-c.de\/index.php?rest_route=\/wp\/v2\/pages\/39\/revisions"}],"predecessor-version":[{"id":144,"href":"https:\/\/g-g-c.de\/index.php?rest_route=\/wp\/v2\/pages\/39\/revisions\/144"}],"wp:attachment":[{"href":"https:\/\/g-g-c.de\/index.php?rest_route=%2Fwp%2Fv2%2Fmedia&parent=39"}],"curies":[{"name":"wp","href":"https:\/\/api.w.org\/{rel}","templated":true}]}}