{"id":107,"date":"2020-07-13T11:41:09","date_gmt":"2020-07-13T11:41:09","guid":{"rendered":"http:\/\/g-g-c.de\/?page_id=107"},"modified":"2020-07-15T19:33:11","modified_gmt":"2020-07-15T19:33:11","slug":"startseite","status":"publish","type":"page","link":"https:\/\/g-g-c.de\/","title":{"rendered":"Willkommen beim German Gamers Club"},"content":{"rendered":"<p><img decoding=\"async\" loading=\"lazy\" class=\"alignright size-medium wp-image-23\" src=\"http:\/\/g-g-c.de\/wp-content\/uploads\/2020\/07\/POWW623x623-300x300.png\" alt=\"GGC Logo\" width=\"300\" height=\"300\" srcset=\"https:\/\/g-g-c.de\/wp-content\/uploads\/2020\/07\/POWW623x623-300x300.png 300w, https:\/\/g-g-c.de\/wp-content\/uploads\/2020\/07\/POWW623x623-150x150.png 150w, https:\/\/g-g-c.de\/wp-content\/uploads\/2020\/07\/POWW623x623.png 623w\" sizes=\"(max-width: 300px) 100vw, 300px\" \/><\/p>\n<p>Wir gr\u00fc\u00dfen alle die den Weg hier her gefunden haben.<\/p>\n<p>Hier findet ihr Informationen zum Club.<\/p>\n<p>Wir sind eine Gemeinschaft von Spielern die ihrem Hobby am Feierabend ohne Stress nachgehen wollen. Deshalb legen wir besonderen Wert auf die Umgangsformen. Freundschaftlicher Umgang mit Anderen innerhalb und au\u00dferhalb des Clubs ist uns wichtig.<\/p>\n<p>Wer mit machen m\u00f6chte spricht am besten mit uns. Eins gleich vorweg. Wir sind kein Clan im herk\u00f6mmlichen Sinn. Es gibt hier auch keine Strukturen wie ihr sie vielleicht aus Clans kennt. Wer m\u00f6chte, dass etwas los ist, der muss sich hier selbst darum k\u00fcmmern. Der Club kann mit Teamspeak 3, Gameservern und Webpr\u00e4senz Unterst\u00fctzung leisten.<\/p>\n<p>Neben Spielen, die regelm\u00e4\u00dfig gespielt werden, wie World of Warships oder ARK survival evolved, sind wir ein wenig wie ein Heuschreckenschwarm der vieles ausprobiert und dann auch wieder auf die Seite legt. Dabei gilt, alles kann und nichts muss. Was schon alles gespielt wurde kann man auch an den vielen Kan\u00e4len in unserem Teamspeak 3 Server erkennen.<\/p>\n<p>Wer Anschluss bei World of Tanks sucht, kann sich auf unserem Teamspeak 3 an unsere Freunde von der Austrian Tank Division wenden.<\/p>\n<p>Wir verf\u00fcgen \u00fcber einen eigenen Teamspeak 3 Server mit non profit Lizenz und einen leistungsf\u00e4higen Rootserver f\u00fcr Gameserver. Nat\u00fcrliche haben wir auch eine eigene Webseite (eben hier). Ein Forum, oder andere interaktive Auftritte wie G\u00e4stebuch, Eventkalender und dergleichen die von vielen Clans betrieben werden, haben wir nicht mehr, kann aber bei Bedarf wieder erstellt werden.<\/p>\n<p>Etwas zu unserer Vergangenheit findet ihr unter Geschichte.<\/p>\n<p>Wir w\u00fcnschen allen eine sch\u00f6ne Zeit. Seid vorsichtig und bleibt gesund.<\/p>\n","protected":false},"excerpt":{"rendered":"<p>Wir gr\u00fc\u00dfen alle die den Weg hier her gefunden haben. Hier findet ihr Informationen zum Club. Wir sind eine Gemeinschaft von Spielern die ihrem Hobby am Feierabend ohne Stress nachgehen wollen. Deshalb legen wir besonderen Wert auf die Umgangsformen. Freundschaftlicher Umgang mit Anderen innerhalb und au\u00dferhalb des Clubs ist uns&#8230; <a class=\"continue-reading-link\" href=\"https:\/\/g-g-c.de\/\">mehr <span class=\"meta-nav\">&rarr; <\/span><\/a><\/p>\n","protected":false},"author":2,"featured_media":0,"parent":0,"menu_order":0,"comment_status":"closed","ping_status":"closed","template":"","meta":[],"_links":{"self":[{"href":"https:\/\/g-g-c.de\/index.php?rest_route=\/wp\/v2\/pages\/107"}],"collection":[{"href":"https:\/\/g-g-c.de\/index.php?rest_route=\/wp\/v2\/pages"}],"about":[{"href":"https:\/\/g-g-c.de\/index.php?rest_route=\/wp\/v2\/types\/page"}],"author":[{"embeddable":true,"href":"https:\/\/g-g-c.de\/index.php?rest_route=\/wp\/v2\/users\/2"}],"replies":[{"embeddable":true,"href":"https:\/\/g-g-c.de\/index.php?rest_route=%2Fwp%2Fv2%2Fcomments&post=107"}],"version-history":[{"count":12,"href":"https:\/\/g-g-c.de\/index.php?rest_route=\/wp\/v2\/pages\/107\/revisions"}],"predecessor-version":[{"id":218,"href":"https:\/\/g-g-c.de\/index.php?rest_route=\/wp\/v2\/pages\/107\/revisions\/218"}],"wp:attachment":[{"href":"https:\/\/g-g-c.de\/index.php?rest_route=%2Fwp%2Fv2%2Fmedia&parent=107"}],"curies":[{"name":"wp","href":"https:\/\/api.w.org\/{rel}","templated":true}]}}